{"id":429,"date":"2025-08-01T22:07:03","date_gmt":"2025-08-01T22:07:03","guid":{"rendered":"https:\/\/pignataro.wpenginepowered.com\/alonso-fonseca\/"},"modified":"2025-09-26T18:54:11","modified_gmt":"2025-09-26T18:54:11","slug":"alonso-fonseca","status":"publish","type":"page","link":"https:\/\/www.pignataroabogados.com\/es\/alonso-fonseca\/","title":{"rendered":"Alonso Fonseca"},"content":{"rendered":"\t\t<div data-elementor-type=\"wp-post\" data-elementor-id=\"429\" class=\"elementor elementor-429 elementor-7\" data-elementor-post-type=\"page\">\n\t\t\t\t<div class=\"elementor-element elementor-element-2b860f8 e-flex e-con-boxed elementor-invisible e-con e-parent\" data-id=\"2b860f8\" data-element_type=\"container\" data-settings=\"{&quot;background_background&quot;:&quot;classic&quot;,&quot;animation&quot;:&quot;pulse&quot;}\">\n\t\t\t\t\t<div class=\"e-con-inner\">\n\t\t<div class=\"elementor-element elementor-element-fb325e6 e-con-full e-flex e-con e-child\" data-id=\"fb325e6\" data-element_type=\"container\">\n\t\t\t\t<div class=\"elementor-element elementor-element-34f6f5c elementor-widget__width-initial elementor-widget elementor-widget-image\" data-id=\"34f6f5c\" data-element_type=\"widget\" data-widget_type=\"image.default\">\n\t\t\t\t\t\t\t\t\t\t\t\t\t\t\t<img fetchpriority=\"high\" decoding=\"async\" width=\"683\" height=\"1024\" src=\"https:\/\/www.pignataroabogados.com\/wp-content\/uploads\/2025\/09\/Alonso-Fonseca-Bio-683x1024.jpg\" class=\"attachment-large size-large wp-image-579\" alt=\"\" srcset=\"https:\/\/www.pignataroabogados.com\/wp-content\/uploads\/2025\/09\/Alonso-Fonseca-Bio-683x1024.jpg 683w, https:\/\/www.pignataroabogados.com\/wp-content\/uploads\/2025\/09\/Alonso-Fonseca-Bio-200x300.jpg 200w, https:\/\/www.pignataroabogados.com\/wp-content\/uploads\/2025\/09\/Alonso-Fonseca-Bio.jpg 700w\" sizes=\"(max-width: 683px) 100vw, 683px\" \/>\t\t\t\t\t\t\t\t\t\t\t\t\t\t\t<\/div>\n\t\t\t\t<\/div>\n\t\t<div class=\"elementor-element elementor-element-46ab2d1 e-con-full e-flex e-con e-child\" data-id=\"46ab2d1\" data-element_type=\"container\">\n\t\t<div class=\"elementor-element elementor-element-796c501 e-con-full e-flex e-con e-child\" data-id=\"796c501\" data-element_type=\"container\">\n\t\t\t\t<div class=\"elementor-element elementor-element-3dcb860 elementor-widget elementor-widget-image\" data-id=\"3dcb860\" data-element_type=\"widget\" data-widget_type=\"image.default\">\n\t\t\t\t\t\t\t\t\t\t\t\t\t\t\t<img decoding=\"async\" width=\"23\" height=\"2\" src=\"https:\/\/www.pignataroabogados.com\/wp-content\/uploads\/2025\/08\/Get-in-touch-line-img.png\" class=\"attachment-full size-full wp-image-305\" alt=\"\" \/>\t\t\t\t\t\t\t\t\t\t\t\t\t\t\t<\/div>\n\t\t\t\t<div class=\"elementor-element elementor-element-5ac4c23 elementor-widget elementor-widget-heading\" data-id=\"5ac4c23\" data-element_type=\"widget\" data-widget_type=\"heading.default\">\n\t\t\t\t\t<h2 class=\"elementor-heading-title elementor-size-default\">NUESTRO EQUIPO<\/h2>\t\t\t\t<\/div>\n\t\t\t\t<\/div>\n\t\t\t\t<div class=\"elementor-element elementor-element-ed3c171 elementor-widget elementor-widget-heading\" data-id=\"ed3c171\" data-element_type=\"widget\" data-widget_type=\"heading.default\">\n\t\t\t\t\t<h2 class=\"elementor-heading-title elementor-size-default\">Alonso<br>Fonseca<\/h2>\t\t\t\t<\/div>\n\t\t\t\t<div class=\"elementor-element elementor-element-23b2a12 elementor-mobile-align-left elementor-icon-list--layout-traditional elementor-list-item-link-full_width elementor-widget elementor-widget-icon-list\" data-id=\"23b2a12\" data-element_type=\"widget\" data-widget_type=\"icon-list.default\">\n\t\t\t\t\t\t\t<ul class=\"elementor-icon-list-items\">\n\t\t\t\t\t\t\t<li class=\"elementor-icon-list-item\">\n\t\t\t\t\t\t\t\t\t\t\t<span class=\"elementor-icon-list-icon\">\n\t\t\t\t\t\t\t<svg aria-hidden=\"true\" class=\"e-font-icon-svg e-fas-envelope\" viewBox=\"0 0 512 512\" xmlns=\"http:\/\/www.w3.org\/2000\/svg\"><path d=\"M502.3 190.8c3.9-3.1 9.7-.2 9.7 4.7V400c0 26.5-21.5 48-48 48H48c-26.5 0-48-21.5-48-48V195.6c0-5 5.7-7.8 9.7-4.7 22.4 17.4 52.1 39.5 154.1 113.6 21.1 15.4 56.7 47.8 92.2 47.6 35.7.3 72-32.8 92.3-47.6 102-74.1 131.6-96.3 154-113.7zM256 320c23.2.4 56.6-29.2 73.4-41.4 132.7-96.3 142.8-104.7 173.4-128.7 5.8-4.5 9.2-11.5 9.2-18.9v-19c0-26.5-21.5-48-48-48H48C21.5 64 0 85.5 0 112v19c0 7.4 3.4 14.3 9.2 18.9 30.6 23.9 40.7 32.4 173.4 128.7 16.8 12.2 50.2 41.8 73.4 41.4z\"><\/path><\/svg>\t\t\t\t\t\t<\/span>\n\t\t\t\t\t\t\t\t\t\t<span class=\"elementor-icon-list-text\">afonseca@pignataroabogados.com<\/span>\n\t\t\t\t\t\t\t\t\t<\/li>\n\t\t\t\t\t\t<\/ul>\n\t\t\t\t\t\t<\/div>\n\t\t\t\t<\/div>\n\t\t\t\t\t<\/div>\n\t\t\t\t<\/div>\n\t\t<div class=\"elementor-element elementor-element-79ba96e e-flex e-con-boxed e-con e-parent\" data-id=\"79ba96e\" data-element_type=\"container\">\n\t\t\t\t\t<div class=\"e-con-inner\">\n\t\t<div class=\"elementor-element elementor-element-4b8a226 e-con-full e-flex e-con e-child\" data-id=\"4b8a226\" data-element_type=\"container\">\n\t\t\t\t<\/div>\n\t\t<div class=\"elementor-element elementor-element-3844321 e-con-full e-flex e-con e-child\" data-id=\"3844321\" data-element_type=\"container\">\n\t\t\t\t<div class=\"elementor-element elementor-element-3289188 elementor-widget elementor-widget-text-editor\" data-id=\"3289188\" data-element_type=\"widget\" data-widget_type=\"text-editor.default\">\n\t\t\t\t\t\t\t\t\t<p><span style=\"font-weight: 400;\">Alonso Fonseca es abogado en Derecho Corporativo e Inmobiliario, egresado de la Universidad de Costa Rica, con m\u00e1s de diez a\u00f1os de experiencia asesorando a clientes en sectores como farmac\u00e9utico, inmobiliario, bancario y oficinas familiares.<\/span><\/p><p><span style=\"font-weight: 400;\">Encabeza la oficina de la firma en Playa Flamingo, donde impulsa el crecimiento del \u00e1rea inmobiliaria en las regiones costeras del pa\u00eds. Su pr\u00e1ctica se centra en estructuraci\u00f3n corporativa, transacciones comerciales y desarrollo inmobiliario, ofreciendo soluciones jur\u00eddicas estrat\u00e9gicas y seguras.<\/span><\/p><p><span style=\"font-weight: 400;\">Con gran inter\u00e9s en el Derecho Tecnol\u00f3gico y su intersecci\u00f3n con los negocios y el sector inmobiliario, Alonso se mantiene a la vanguardia para brindar asesor\u00eda innovadora y actualizada a clientes nacionales e internacionales.<\/span><\/p>\t\t\t\t\t\t\t\t<\/div>\n\t\t\t\t<\/div>\n\t\t\t\t\t<\/div>\n\t\t\t\t<\/div>\n\t\t<div class=\"elementor-element elementor-element-26e88d8 e-con-full e-flex e-con e-parent\" data-id=\"26e88d8\" data-element_type=\"container\" data-settings=\"{&quot;background_background&quot;:&quot;classic&quot;}\">\n\t\t<div class=\"elementor-element elementor-element-1196d52 e-con-full e-flex e-con e-child\" data-id=\"1196d52\" data-element_type=\"container\" data-settings=\"{&quot;background_background&quot;:&quot;classic&quot;}\">\n\t\t\t\t<div class=\"elementor-element elementor-element-ab49d13 elementor-widget-divider--view-line elementor-widget elementor-widget-divider\" data-id=\"ab49d13\" data-element_type=\"widget\" data-widget_type=\"divider.default\">\n\t\t\t\t\t\t\t<div class=\"elementor-divider\">\n\t\t\t<span class=\"elementor-divider-separator\">\n\t\t\t\t\t\t<\/span>\n\t\t<\/div>\n\t\t\t\t\t\t<\/div>\n\t\t\t\t<\/div>\n\t\t<div class=\"elementor-element elementor-element-e15450b e-con-full e-flex e-con e-child\" data-id=\"e15450b\" data-element_type=\"container\">\n\t\t<div class=\"elementor-element elementor-element-c31edb1 e-con-full e-flex elementor-invisible e-con e-child\" data-id=\"c31edb1\" data-element_type=\"container\" data-settings=\"{&quot;animation&quot;:&quot;fadeIn&quot;,&quot;background_background&quot;:&quot;classic&quot;}\">\n\t\t<div class=\"elementor-element elementor-element-fa0e9bb e-flex e-con-boxed e-con e-child\" data-id=\"fa0e9bb\" data-element_type=\"container\">\n\t\t\t\t\t<div class=\"e-con-inner\">\n\t\t\t\t<div class=\"elementor-element elementor-element-599634c elementor-widget elementor-widget-image\" data-id=\"599634c\" data-element_type=\"widget\" data-widget_type=\"image.default\">\n\t\t\t\t\t\t\t\t\t\t\t\t\t\t\t<img decoding=\"async\" width=\"23\" height=\"2\" src=\"https:\/\/www.pignataroabogados.com\/wp-content\/uploads\/2025\/08\/Get-in-touch-line-img.png\" class=\"attachment-full size-full wp-image-305\" alt=\"\" \/>\t\t\t\t\t\t\t\t\t\t\t\t\t\t\t<\/div>\n\t\t\t\t<div class=\"elementor-element elementor-element-2318bb0 elementor-widget elementor-widget-heading\" data-id=\"2318bb0\" data-element_type=\"widget\" data-widget_type=\"heading.default\">\n\t\t\t\t\t<h2 class=\"elementor-heading-title elementor-size-default\">OBT\u00c9N EL APOYO QUE NECESIT\u00c1S<\/h2>\t\t\t\t<\/div>\n\t\t\t\t\t<\/div>\n\t\t\t\t<\/div>\n\t\t\t\t<div class=\"elementor-element elementor-element-c0e9eb7 elementor-widget elementor-widget-heading\" data-id=\"c0e9eb7\" data-element_type=\"widget\" data-widget_type=\"heading.default\">\n\t\t\t\t\t<h2 class=\"elementor-heading-title elementor-size-default\">Habl\u00e1 con un abogado<\/h2>\t\t\t\t<\/div>\n\t\t\t\t<div class=\"elementor-element elementor-element-0e7dafd elementor-widget elementor-widget-text-editor\" data-id=\"0e7dafd\" data-element_type=\"widget\" data-widget_type=\"text-editor.default\">\n\t\t\t\t\t\t\t\t\t<p>El equipo de Pignataro Abogados estar\u00e1 gustoso de atenderte. Contactanos hoy. \u00a1Contactanos!<\/p>\t\t\t\t\t\t\t\t<\/div>\n\t\t\t\t<div class=\"elementor-element elementor-element-c5bff81 elementor-widget__width-auto elementor-widget elementor-widget-button\" data-id=\"c5bff81\" data-element_type=\"widget\" data-widget_type=\"button.default\">\n\t\t\t\t\t\t\t\t\t\t<a class=\"elementor-button elementor-button-link elementor-size-sm elementor-animation-float\" href=\"https:\/\/www.pignataroabogados.com\/es\/contacto\/\">\n\t\t\t\t\t\t<span class=\"elementor-button-content-wrapper\">\n\t\t\t\t\t\t<span class=\"elementor-button-icon\">\n\t\t\t\t<i aria-hidden=\"true\" class=\"jki jki-arrow-right-solid\"><\/i>\t\t\t<\/span>\n\t\t\t\t\t\t\t\t\t<span class=\"elementor-button-text\">Contactanos<\/span>\n\t\t\t\t\t<\/span>\n\t\t\t\t\t<\/a>\n\t\t\t\t\t\t\t\t<\/div>\n\t\t\t\t<\/div>\n\t\t\t\t<\/div>\n\t\t\t\t<\/div>\n\t\t\t\t<\/div>\n\t\t","protected":false},"excerpt":{"rendered":"<p>NUESTRO EQUIPO AlonsoFonseca afonseca@pignataroabogados.com Alonso Fonseca es abogado en Derecho Corporativo e Inmobiliario, egresado de la Universidad de Costa Rica, con m\u00e1s de diez a\u00f1os de experiencia asesorando a clientes en sectores como farmac\u00e9utico, inmobiliario, bancario y oficinas familiares. Encabeza la oficina de la firma en Playa Flamingo, donde impulsa el crecimiento del \u00e1rea inmobiliaria [&hellip;]<\/p>\n","protected":false},"author":1,"featured_media":0,"parent":0,"menu_order":0,"comment_status":"closed","ping_status":"closed","template":"","meta":{"footnotes":""},"class_list":["post-429","page","type-page","status-publish","hentry"],"featured_image_src":null,"featured_image_src_square":null,"_links":{"self":[{"href":"https:\/\/www.pignataroabogados.com\/es\/wp-json\/wp\/v2\/pages\/429","targetHints":{"allow":["GET"]}}],"collection":[{"href":"https:\/\/www.pignataroabogados.com\/es\/wp-json\/wp\/v2\/pages"}],"about":[{"href":"https:\/\/www.pignataroabogados.com\/es\/wp-json\/wp\/v2\/types\/page"}],"author":[{"embeddable":true,"href":"https:\/\/www.pignataroabogados.com\/es\/wp-json\/wp\/v2\/users\/1"}],"replies":[{"embeddable":true,"href":"https:\/\/www.pignataroabogados.com\/es\/wp-json\/wp\/v2\/comments?post=429"}],"version-history":[{"count":0,"href":"https:\/\/www.pignataroabogados.com\/es\/wp-json\/wp\/v2\/pages\/429\/revisions"}],"wp:attachment":[{"href":"https:\/\/www.pignataroabogados.com\/es\/wp-json\/wp\/v2\/media?parent=429"}],"curies":[{"name":"wp","href":"https:\/\/api.w.org\/{rel}","templated":true}]}}